{"id":137,"date":"2024-10-31T10:29:17","date_gmt":"2024-10-31T10:29:17","guid":{"rendered":"https:\/\/www.mil-madeinlecoq.com\/?page_id=137"},"modified":"2025-10-21T10:45:36","modified_gmt":"2025-10-21T10:45:36","slug":"mil-son-histoire","status":"publish","type":"page","link":"https:\/\/www.mil-madeinlecoq.com\/index.php\/mil-son-histoire\/","title":{"rendered":"Son histoire"},"content":{"rendered":"\t\t<div data-elementor-type=\"wp-page\" data-elementor-id=\"137\" class=\"elementor elementor-137\">\n\t\t\t\t<div class=\"elementor-element elementor-element-e952c3d e-flex e-con-boxed wpr-particle-no wpr-jarallax-no wpr-parallax-no wpr-sticky-section-no wpr-equal-height-no e-con e-parent\" data-id=\"e952c3d\" data-element_type=\"container\" data-e-type=\"container\">\n\t\t\t\t\t<div class=\"e-con-inner\">\n\t\t<div class=\"elementor-element elementor-element-c76a320 e-con-full e-flex wpr-particle-no wpr-jarallax-no wpr-parallax-no wpr-sticky-section-no wpr-equal-height-no e-con e-child\" data-id=\"c76a320\" data-element_type=\"container\" data-e-type=\"container\">\n\t\t\t\t<div class=\"elementor-element elementor-element-4e3cef9 elementor-widget elementor-widget-image\" data-id=\"4e3cef9\" data-element_type=\"widget\" data-e-type=\"widget\" data-widget_type=\"image.default\">\n\t\t\t\t<div class=\"elementor-widget-container\">\n\t\t\t\t\t\t\t\t\t\t\t\t\t\t\t<img fetchpriority=\"high\" decoding=\"async\" width=\"683\" height=\"1024\" src=\"https:\/\/www.mil-madeinlecoq.com\/wp-content\/uploads\/2025\/10\/IMG_8379-683x1024.webp\" class=\"attachment-large size-large wp-image-938\" alt=\"atelier mil artisan maroquinerie ancenis M\u00e9sanger cultivons les cailloux\" srcset=\"https:\/\/www.mil-madeinlecoq.com\/wp-content\/uploads\/2025\/10\/IMG_8379-683x1024.webp 683w, https:\/\/www.mil-madeinlecoq.com\/wp-content\/uploads\/2025\/10\/IMG_8379-200x300.webp 200w, https:\/\/www.mil-madeinlecoq.com\/wp-content\/uploads\/2025\/10\/IMG_8379-768x1152.jpg 768w, https:\/\/www.mil-madeinlecoq.com\/wp-content\/uploads\/2025\/10\/IMG_8379-1024x1536.jpg 1024w, https:\/\/www.mil-madeinlecoq.com\/wp-content\/uploads\/2025\/10\/IMG_8379-1365x2048.jpg 1365w, https:\/\/www.mil-madeinlecoq.com\/wp-content\/uploads\/2025\/10\/IMG_8379-scaled.webp 1280w\" sizes=\"(max-width: 683px) 100vw, 683px\" \/>\t\t\t\t\t\t\t\t\t\t\t\t\t\t\t<\/div>\n\t\t\t\t<\/div>\n\t\t\t\t<\/div>\n\t\t<div class=\"elementor-element elementor-element-226c465 e-con-full e-flex wpr-particle-no wpr-jarallax-no wpr-parallax-no wpr-sticky-section-no wpr-equal-height-no e-con e-child\" data-id=\"226c465\" data-element_type=\"container\" data-e-type=\"container\">\n\t\t<div class=\"elementor-element elementor-element-4e3d45b e-con-full e-flex wpr-particle-no wpr-jarallax-no wpr-parallax-no wpr-sticky-section-no wpr-equal-height-no e-con e-child\" data-id=\"4e3d45b\" data-element_type=\"container\" data-e-type=\"container\" data-settings=\"{&quot;background_background&quot;:&quot;classic&quot;}\">\n\t\t\t\t<div class=\"elementor-element elementor-element-1b9bcf0 elementor-widget elementor-widget-heading\" data-id=\"1b9bcf0\" data-element_type=\"widget\" data-e-type=\"widget\" data-widget_type=\"heading.default\">\n\t\t\t\t<div class=\"elementor-widget-container\">\n\t\t\t\t\t<h2 class=\"elementor-heading-title elementor-size-default\">- MiL -<br>Son histoire<\/h2>\t\t\t\t<\/div>\n\t\t\t\t<\/div>\n\t\t\t\t<\/div>\n\t\t<div class=\"elementor-element elementor-element-8d70cdd e-con-full e-flex wpr-particle-no wpr-jarallax-no wpr-parallax-no wpr-sticky-section-no wpr-equal-height-no e-con e-child\" data-id=\"8d70cdd\" data-element_type=\"container\" data-e-type=\"container\" data-settings=\"{&quot;background_background&quot;:&quot;classic&quot;}\">\n\t\t\t\t<div class=\"elementor-element elementor-element-c4d5f0e elementor-widget elementor-widget-text-editor\" data-id=\"c4d5f0e\" data-element_type=\"widget\" data-e-type=\"widget\" data-widget_type=\"text-editor.default\">\n\t\t\t\t<div class=\"elementor-widget-container\">\n\t\t\t\t\t\t\t\t\t<p>Mil est une histoire qui commence en juin 2017 \u00e0 l&rsquo;heure o\u00f9 se sont rencontr\u00e9s le renouveau du \u00ab\u00a0Made in France\u00a0\u00bb ainsi que le talent et l&rsquo;envie de libert\u00e9 d&rsquo;une jeune cr\u00e9atrice. C&rsquo;est moi ! Apr\u00e8s des \u00e9tudes en m\u00e9dico sociale, puis en esth\u00e9tique, je me suis \u00e9panouie dans ce dernier m\u00e9tier pendant 15 ann\u00e9es.<\/p><p>Initi\u00e9e \u00e0 la confection par ma maman. J&rsquo;ai vite trouv\u00e9 une envie de cr\u00e9er. Mes exp\u00e9riences et mon amour des belles mati\u00e8res vont naturellement m&rsquo;orienter vers ce mat\u00e9riau noble qu&rsquo;est le cuir. S\u00e9duite par son odeur chaude, sa texture souple mais r\u00e9sistante, ses grainages diff\u00e9rents qui lui permettent d&rsquo;avoir un caract\u00e8re unique pour chaque peau.<\/p><p>Je trouve dans la maroquinerie un moyen de partager ma cr\u00e9ativit\u00e9 et mon go\u00fbt de la qualit\u00e9. Passionn\u00e9e par la mode, je mets \u00e0 profit mon oeil averti et mes connaissances pour transcender mon travail. Je l&rsquo;associe \u00e0 une recherche pointue de textiles sobres et \u00e9l\u00e9gants surfant sur les tendances de la d\u00e9coration et du design de mode afin de proposer des pi\u00e8ces rares, \u00e9dit\u00e9es en s\u00e9ries limit\u00e9es offrant \u00e0 chacun le luxe de l&rsquo;originalit\u00e9.<\/p><p>Choisir la maroquinerie artisanale c&rsquo;est prendre le parti de casser les codes et rompre l&rsquo;uniformit\u00e9 des tendances dont nous abreuvent les m\u00e9dias, c&rsquo;est aussi affirmer sa personnalit\u00e9 unique et pr\u00e9cieuse\u00a0\u00bb.<\/p>\t\t\t\t\t\t\t\t<\/div>\n\t\t\t\t<\/div>\n\t\t\t\t<\/div>\n\t\t\t\t<\/div>\n\t\t\t\t\t<\/div>\n\t\t\t\t<\/div>\n\t\t\t\t<\/div>\n\t\t","protected":false},"excerpt":{"rendered":"<p>&#8211; MiL &#8211;Son histoire Mil est une histoire qui commence en juin 2017 \u00e0 l&rsquo;heure o\u00f9 se sont rencontr\u00e9s le renouveau du \u00ab\u00a0Made in France\u00a0\u00bb ainsi que le talent et l&rsquo;envie de libert\u00e9 d&rsquo;une jeune cr\u00e9atrice. C&rsquo;est moi ! Apr\u00e8s des \u00e9tudes en m\u00e9dico sociale, puis en esth\u00e9tique, je me suis \u00e9panouie dans ce dernier m\u00e9tier pendant 15 ann\u00e9es. Initi\u00e9e \u00e0 la confection par ma maman. J&rsquo;ai vite trouv\u00e9 une envie de cr\u00e9er. Mes exp\u00e9riences et mon amour des belles mati\u00e8res vont naturellement m&rsquo;orienter vers ce mat\u00e9riau noble qu&rsquo;est le cuir. S\u00e9duite par son odeur chaude, sa texture souple mais r\u00e9sistante, ses grainages diff\u00e9rents qui lui permettent d&rsquo;avoir un caract\u00e8re unique pour chaque peau. Je trouve dans la maroquinerie un moyen de partager ma cr\u00e9ativit\u00e9 et mon go\u00fbt de la qualit\u00e9. Passionn\u00e9e par la mode, je mets \u00e0 profit mon oeil averti et mes connaissances pour transcender mon travail. Je l&rsquo;associe \u00e0 une recherche pointue de textiles sobres et \u00e9l\u00e9gants surfant sur les tendances de la d\u00e9coration et du design de mode afin de proposer des pi\u00e8ces rares, \u00e9dit\u00e9es en s\u00e9ries limit\u00e9es offrant \u00e0 chacun le luxe de l&rsquo;originalit\u00e9. Choisir la maroquinerie artisanale c&rsquo;est prendre le parti de casser les codes et rompre l&rsquo;uniformit\u00e9 des tendances dont nous abreuvent les m\u00e9dias, c&rsquo;est aussi affirmer sa personnalit\u00e9 unique et pr\u00e9cieuse\u00a0\u00bb.<\/p>\n","protected":false},"author":1,"featured_media":0,"parent":0,"menu_order":0,"comment_status":"closed","ping_status":"closed","template":"","meta":{"_monsterinsights_skip_tracking":false,"_monsterinsights_sitenote_active":false,"_monsterinsights_sitenote_note":"","_monsterinsights_sitenote_category":0,"site-sidebar-layout":"no-sidebar","site-content-layout":"","ast-site-content-layout":"full-width-container","site-content-style":"default","site-sidebar-style":"default","ast-global-header-display":"","ast-banner-title-visibility":"","ast-main-header-display":"","ast-hfb-above-header-display":"","ast-hfb-below-header-display":"","ast-hfb-mobile-header-display":"","site-post-title":"disabled","ast-breadcrumbs-content":"","ast-featured-img":"disabled","footer-sml-layout":"","ast-disable-related-posts":"","theme-transparent-header-meta":"","adv-header-id-meta":"","stick-header-meta":"","header-above-stick-meta":"","header-main-stick-meta":"","header-below-stick-meta":"","astra-migrate-meta-layouts":"default","ast-page-background-enabled":"default","ast-page-background-meta":{"desktop":{"background-color":"var(--ast-global-color-4)","background-image":"","background-repeat":"repeat","background-position":"center center","background-size":"auto","background-attachment":"scroll","background-type":"","background-media":"","overlay-type":"","overlay-color":"","overlay-opacity":"","overlay-gradient":""},"tablet":{"background-color":"","background-image":"","background-repeat":"repeat","background-position":"center center","background-size":"auto","background-attachment":"scroll","background-type":"","background-media":"","overlay-type":"","overlay-color":"","overlay-opacity":"","overlay-gradient":""},"mobile":{"background-color":"","background-image":"","background-repeat":"repeat","background-position":"center center","background-size":"auto","background-attachment":"scroll","background-type":"","background-media":"","overlay-type":"","overlay-color":"","overlay-opacity":"","overlay-gradient":""}},"ast-content-background-meta":{"desktop":{"background-color":"var(--ast-global-color-5)","background-image":"","background-repeat":"repeat","background-position":"center center","background-size":"auto","background-attachment":"scroll","background-type":"","background-media":"","overlay-type":"","overlay-color":"","overlay-opacity":"","overlay-gradient":""},"tablet":{"background-color":"var(--ast-global-color-5)","background-image":"","background-repeat":"repeat","background-position":"center center","background-size":"auto","background-attachment":"scroll","background-type":"","background-media":"","overlay-type":"","overlay-color":"","overlay-opacity":"","overlay-gradient":""},"mobile":{"background-color":"var(--ast-global-color-5)","background-image":"","background-repeat":"repeat","background-position":"center center","background-size":"auto","background-attachment":"scroll","background-type":"","background-media":"","overlay-type":"","overlay-color":"","overlay-opacity":"","overlay-gradient":""}},"footnotes":""},"class_list":["post-137","page","type-page","status-publish","hentry"],"yoast_head":"<!-- This site is optimized with the Yoast SEO plugin v27.4 - https:\/\/yoast.com\/product\/yoast-seo-wordpress\/ -->\n<title>Son histoire - MiL Maroquinerie<\/title>\n<meta name=\"robots\" content=\"index, follow, max-snippet:-1, max-image-preview:large, max-video-preview:-1\" \/>\n<link rel=\"canonical\" href=\"https:\/\/www.mil-madeinlecoq.com\/index.php\/mil-son-histoire\/\" \/>\n<meta property=\"og:locale\" content=\"fr_FR\" \/>\n<meta property=\"og:type\" content=\"article\" \/>\n<meta property=\"og:title\" content=\"Son histoire - MiL Maroquinerie\" \/>\n<meta property=\"og:description\" content=\"&#8211; MiL &#8211;Son histoire Mil est une histoire qui commence en juin 2017 \u00e0 l&rsquo;heure o\u00f9 se sont rencontr\u00e9s le renouveau du \u00ab\u00a0Made in France\u00a0\u00bb ainsi que le talent et l&rsquo;envie de libert\u00e9 d&rsquo;une jeune cr\u00e9atrice. C&rsquo;est moi ! Apr\u00e8s des \u00e9tudes en m\u00e9dico sociale, puis en esth\u00e9tique, je me suis \u00e9panouie dans ce dernier m\u00e9tier pendant 15 ann\u00e9es. Initi\u00e9e \u00e0 la confection par ma maman. J&rsquo;ai vite trouv\u00e9 une envie de cr\u00e9er. Mes exp\u00e9riences et mon amour des belles mati\u00e8res vont naturellement m&rsquo;orienter vers ce mat\u00e9riau noble qu&rsquo;est le cuir. S\u00e9duite par son odeur chaude, sa texture souple mais r\u00e9sistante, ses grainages diff\u00e9rents qui lui permettent d&rsquo;avoir un caract\u00e8re unique pour chaque peau. Je trouve dans la maroquinerie un moyen de partager ma cr\u00e9ativit\u00e9 et mon go\u00fbt de la qualit\u00e9. Passionn\u00e9e par la mode, je mets \u00e0 profit mon oeil averti et mes connaissances pour transcender mon travail. Je l&rsquo;associe \u00e0 une recherche pointue de textiles sobres et \u00e9l\u00e9gants surfant sur les tendances de la d\u00e9coration et du design de mode afin de proposer des pi\u00e8ces rares, \u00e9dit\u00e9es en s\u00e9ries limit\u00e9es offrant \u00e0 chacun le luxe de l&rsquo;originalit\u00e9. Choisir la maroquinerie artisanale c&rsquo;est prendre le parti de casser les codes et rompre l&rsquo;uniformit\u00e9 des tendances dont nous abreuvent les m\u00e9dias, c&rsquo;est aussi affirmer sa personnalit\u00e9 unique et pr\u00e9cieuse\u00a0\u00bb.\" \/>\n<meta property=\"og:url\" content=\"https:\/\/www.mil-madeinlecoq.com\/index.php\/mil-son-histoire\/\" \/>\n<meta property=\"og:site_name\" content=\"MiL Maroquinerie\" \/>\n<meta property=\"article:modified_time\" content=\"2025-10-21T10:45:36+00:00\" \/>\n<meta property=\"og:image\" content=\"https:\/\/www.mil-madeinlecoq.com\/wp-content\/uploads\/2025\/10\/IMG_8379-683x1024.webp\" \/>\n<meta name=\"twitter:card\" content=\"summary_large_image\" \/>\n<meta name=\"twitter:label1\" content=\"Dur\u00e9e de lecture estim\u00e9e\" \/>\n\t<meta name=\"twitter:data1\" content=\"2 minutes\" \/>\n<script type=\"application\/ld+json\" class=\"yoast-schema-graph\">{\"@context\":\"https:\\\/\\\/schema.org\",\"@graph\":[{\"@type\":\"WebPage\",\"@id\":\"https:\\\/\\\/www.mil-madeinlecoq.com\\\/index.php\\\/mil-son-histoire\\\/\",\"url\":\"https:\\\/\\\/www.mil-madeinlecoq.com\\\/index.php\\\/mil-son-histoire\\\/\",\"name\":\"Son histoire - MiL Maroquinerie\",\"isPartOf\":{\"@id\":\"https:\\\/\\\/www.mil-madeinlecoq.com\\\/#website\"},\"primaryImageOfPage\":{\"@id\":\"https:\\\/\\\/www.mil-madeinlecoq.com\\\/index.php\\\/mil-son-histoire\\\/#primaryimage\"},\"image\":{\"@id\":\"https:\\\/\\\/www.mil-madeinlecoq.com\\\/index.php\\\/mil-son-histoire\\\/#primaryimage\"},\"thumbnailUrl\":\"https:\\\/\\\/www.mil-madeinlecoq.com\\\/wp-content\\\/uploads\\\/2025\\\/10\\\/IMG_8379-683x1024.webp\",\"datePublished\":\"2024-10-31T10:29:17+00:00\",\"dateModified\":\"2025-10-21T10:45:36+00:00\",\"breadcrumb\":{\"@id\":\"https:\\\/\\\/www.mil-madeinlecoq.com\\\/index.php\\\/mil-son-histoire\\\/#breadcrumb\"},\"inLanguage\":\"fr-FR\",\"potentialAction\":[{\"@type\":\"ReadAction\",\"target\":[\"https:\\\/\\\/www.mil-madeinlecoq.com\\\/index.php\\\/mil-son-histoire\\\/\"]}]},{\"@type\":\"ImageObject\",\"inLanguage\":\"fr-FR\",\"@id\":\"https:\\\/\\\/www.mil-madeinlecoq.com\\\/index.php\\\/mil-son-histoire\\\/#primaryimage\",\"url\":\"https:\\\/\\\/www.mil-madeinlecoq.com\\\/wp-content\\\/uploads\\\/2025\\\/10\\\/IMG_8379-683x1024.webp\",\"contentUrl\":\"https:\\\/\\\/www.mil-madeinlecoq.com\\\/wp-content\\\/uploads\\\/2025\\\/10\\\/IMG_8379-683x1024.webp\"},{\"@type\":\"BreadcrumbList\",\"@id\":\"https:\\\/\\\/www.mil-madeinlecoq.com\\\/index.php\\\/mil-son-histoire\\\/#breadcrumb\",\"itemListElement\":[{\"@type\":\"ListItem\",\"position\":1,\"name\":\"Accueil\",\"item\":\"https:\\\/\\\/www.mil-madeinlecoq.com\\\/\"},{\"@type\":\"ListItem\",\"position\":2,\"name\":\"Son histoire\"}]},{\"@type\":\"WebSite\",\"@id\":\"https:\\\/\\\/www.mil-madeinlecoq.com\\\/#website\",\"url\":\"https:\\\/\\\/www.mil-madeinlecoq.com\\\/\",\"name\":\"MiL Maroquinerie\",\"description\":\"Maroquinerie artisanale \u00e9co-responsable Ancenis\",\"publisher\":{\"@id\":\"https:\\\/\\\/www.mil-madeinlecoq.com\\\/#organization\"},\"potentialAction\":[{\"@type\":\"SearchAction\",\"target\":{\"@type\":\"EntryPoint\",\"urlTemplate\":\"https:\\\/\\\/www.mil-madeinlecoq.com\\\/?s={search_term_string}\"},\"query-input\":{\"@type\":\"PropertyValueSpecification\",\"valueRequired\":true,\"valueName\":\"search_term_string\"}}],\"inLanguage\":\"fr-FR\"},{\"@type\":\"Organization\",\"@id\":\"https:\\\/\\\/www.mil-madeinlecoq.com\\\/#organization\",\"name\":\"MiL Maroquinerie\",\"url\":\"https:\\\/\\\/www.mil-madeinlecoq.com\\\/\",\"logo\":{\"@type\":\"ImageObject\",\"inLanguage\":\"fr-FR\",\"@id\":\"https:\\\/\\\/www.mil-madeinlecoq.com\\\/#\\\/schema\\\/logo\\\/image\\\/\",\"url\":\"https:\\\/\\\/www.mil-madeinlecoq.com\\\/wp-content\\\/uploads\\\/2024\\\/10\\\/logo.png\",\"contentUrl\":\"https:\\\/\\\/www.mil-madeinlecoq.com\\\/wp-content\\\/uploads\\\/2024\\\/10\\\/logo.png\",\"width\":156,\"height\":40,\"caption\":\"MiL Maroquinerie\"},\"image\":{\"@id\":\"https:\\\/\\\/www.mil-madeinlecoq.com\\\/#\\\/schema\\\/logo\\\/image\\\/\"}}]}<\/script>\n<!-- \/ Yoast SEO plugin. -->","yoast_head_json":{"title":"Son histoire - MiL Maroquinerie","robots":{"index":"index","follow":"follow","max-snippet":"max-snippet:-1","max-image-preview":"max-image-preview:large","max-video-preview":"max-video-preview:-1"},"canonical":"https:\/\/www.mil-madeinlecoq.com\/index.php\/mil-son-histoire\/","og_locale":"fr_FR","og_type":"article","og_title":"Son histoire - MiL Maroquinerie","og_description":"&#8211; MiL &#8211;Son histoire Mil est une histoire qui commence en juin 2017 \u00e0 l&rsquo;heure o\u00f9 se sont rencontr\u00e9s le renouveau du \u00ab\u00a0Made in France\u00a0\u00bb ainsi que le talent et l&rsquo;envie de libert\u00e9 d&rsquo;une jeune cr\u00e9atrice. C&rsquo;est moi ! Apr\u00e8s des \u00e9tudes en m\u00e9dico sociale, puis en esth\u00e9tique, je me suis \u00e9panouie dans ce dernier m\u00e9tier pendant 15 ann\u00e9es. Initi\u00e9e \u00e0 la confection par ma maman. J&rsquo;ai vite trouv\u00e9 une envie de cr\u00e9er. Mes exp\u00e9riences et mon amour des belles mati\u00e8res vont naturellement m&rsquo;orienter vers ce mat\u00e9riau noble qu&rsquo;est le cuir. S\u00e9duite par son odeur chaude, sa texture souple mais r\u00e9sistante, ses grainages diff\u00e9rents qui lui permettent d&rsquo;avoir un caract\u00e8re unique pour chaque peau. Je trouve dans la maroquinerie un moyen de partager ma cr\u00e9ativit\u00e9 et mon go\u00fbt de la qualit\u00e9. Passionn\u00e9e par la mode, je mets \u00e0 profit mon oeil averti et mes connaissances pour transcender mon travail. Je l&rsquo;associe \u00e0 une recherche pointue de textiles sobres et \u00e9l\u00e9gants surfant sur les tendances de la d\u00e9coration et du design de mode afin de proposer des pi\u00e8ces rares, \u00e9dit\u00e9es en s\u00e9ries limit\u00e9es offrant \u00e0 chacun le luxe de l&rsquo;originalit\u00e9. Choisir la maroquinerie artisanale c&rsquo;est prendre le parti de casser les codes et rompre l&rsquo;uniformit\u00e9 des tendances dont nous abreuvent les m\u00e9dias, c&rsquo;est aussi affirmer sa personnalit\u00e9 unique et pr\u00e9cieuse\u00a0\u00bb.","og_url":"https:\/\/www.mil-madeinlecoq.com\/index.php\/mil-son-histoire\/","og_site_name":"MiL Maroquinerie","article_modified_time":"2025-10-21T10:45:36+00:00","og_image":[{"url":"https:\/\/www.mil-madeinlecoq.com\/wp-content\/uploads\/2025\/10\/IMG_8379-683x1024.webp","type":"","width":"","height":""}],"twitter_card":"summary_large_image","twitter_misc":{"Dur\u00e9e de lecture estim\u00e9e":"2 minutes"},"schema":{"@context":"https:\/\/schema.org","@graph":[{"@type":"WebPage","@id":"https:\/\/www.mil-madeinlecoq.com\/index.php\/mil-son-histoire\/","url":"https:\/\/www.mil-madeinlecoq.com\/index.php\/mil-son-histoire\/","name":"Son histoire - MiL Maroquinerie","isPartOf":{"@id":"https:\/\/www.mil-madeinlecoq.com\/#website"},"primaryImageOfPage":{"@id":"https:\/\/www.mil-madeinlecoq.com\/index.php\/mil-son-histoire\/#primaryimage"},"image":{"@id":"https:\/\/www.mil-madeinlecoq.com\/index.php\/mil-son-histoire\/#primaryimage"},"thumbnailUrl":"https:\/\/www.mil-madeinlecoq.com\/wp-content\/uploads\/2025\/10\/IMG_8379-683x1024.webp","datePublished":"2024-10-31T10:29:17+00:00","dateModified":"2025-10-21T10:45:36+00:00","breadcrumb":{"@id":"https:\/\/www.mil-madeinlecoq.com\/index.php\/mil-son-histoire\/#breadcrumb"},"inLanguage":"fr-FR","potentialAction":[{"@type":"ReadAction","target":["https:\/\/www.mil-madeinlecoq.com\/index.php\/mil-son-histoire\/"]}]},{"@type":"ImageObject","inLanguage":"fr-FR","@id":"https:\/\/www.mil-madeinlecoq.com\/index.php\/mil-son-histoire\/#primaryimage","url":"https:\/\/www.mil-madeinlecoq.com\/wp-content\/uploads\/2025\/10\/IMG_8379-683x1024.webp","contentUrl":"https:\/\/www.mil-madeinlecoq.com\/wp-content\/uploads\/2025\/10\/IMG_8379-683x1024.webp"},{"@type":"BreadcrumbList","@id":"https:\/\/www.mil-madeinlecoq.com\/index.php\/mil-son-histoire\/#breadcrumb","itemListElement":[{"@type":"ListItem","position":1,"name":"Accueil","item":"https:\/\/www.mil-madeinlecoq.com\/"},{"@type":"ListItem","position":2,"name":"Son histoire"}]},{"@type":"WebSite","@id":"https:\/\/www.mil-madeinlecoq.com\/#website","url":"https:\/\/www.mil-madeinlecoq.com\/","name":"MiL Maroquinerie","description":"Maroquinerie artisanale \u00e9co-responsable Ancenis","publisher":{"@id":"https:\/\/www.mil-madeinlecoq.com\/#organization"},"potentialAction":[{"@type":"SearchAction","target":{"@type":"EntryPoint","urlTemplate":"https:\/\/www.mil-madeinlecoq.com\/?s={search_term_string}"},"query-input":{"@type":"PropertyValueSpecification","valueRequired":true,"valueName":"search_term_string"}}],"inLanguage":"fr-FR"},{"@type":"Organization","@id":"https:\/\/www.mil-madeinlecoq.com\/#organization","name":"MiL Maroquinerie","url":"https:\/\/www.mil-madeinlecoq.com\/","logo":{"@type":"ImageObject","inLanguage":"fr-FR","@id":"https:\/\/www.mil-madeinlecoq.com\/#\/schema\/logo\/image\/","url":"https:\/\/www.mil-madeinlecoq.com\/wp-content\/uploads\/2024\/10\/logo.png","contentUrl":"https:\/\/www.mil-madeinlecoq.com\/wp-content\/uploads\/2024\/10\/logo.png","width":156,"height":40,"caption":"MiL Maroquinerie"},"image":{"@id":"https:\/\/www.mil-madeinlecoq.com\/#\/schema\/logo\/image\/"}}]}},"_links":{"self":[{"href":"https:\/\/www.mil-madeinlecoq.com\/index.php\/wp-json\/wp\/v2\/pages\/137","targetHints":{"allow":["GET"]}}],"collection":[{"href":"https:\/\/www.mil-madeinlecoq.com\/index.php\/wp-json\/wp\/v2\/pages"}],"about":[{"href":"https:\/\/www.mil-madeinlecoq.com\/index.php\/wp-json\/wp\/v2\/types\/page"}],"author":[{"embeddable":true,"href":"https:\/\/www.mil-madeinlecoq.com\/index.php\/wp-json\/wp\/v2\/users\/1"}],"replies":[{"embeddable":true,"href":"https:\/\/www.mil-madeinlecoq.com\/index.php\/wp-json\/wp\/v2\/comments?post=137"}],"version-history":[{"count":26,"href":"https:\/\/www.mil-madeinlecoq.com\/index.php\/wp-json\/wp\/v2\/pages\/137\/revisions"}],"predecessor-version":[{"id":941,"href":"https:\/\/www.mil-madeinlecoq.com\/index.php\/wp-json\/wp\/v2\/pages\/137\/revisions\/941"}],"wp:attachment":[{"href":"https:\/\/www.mil-madeinlecoq.com\/index.php\/wp-json\/wp\/v2\/media?parent=137"}],"curies":[{"name":"wp","href":"https:\/\/api.w.org\/{rel}","templated":true}]}}