{"id":154,"date":"2024-10-31T11:10:28","date_gmt":"2024-10-31T11:10:28","guid":{"rendered":"https:\/\/www.mil-madeinlecoq.com\/?page_id=154"},"modified":"2025-11-17T10:24:30","modified_gmt":"2025-11-17T10:24:30","slug":"entretien-du-cuir","status":"publish","type":"page","link":"https:\/\/www.mil-madeinlecoq.com\/index.php\/entretien-du-cuir\/","title":{"rendered":"Entretien du Cuir"},"content":{"rendered":"\t\t<div data-elementor-type=\"wp-page\" data-elementor-id=\"154\" class=\"elementor elementor-154\">\n\t\t\t\t<div class=\"elementor-element elementor-element-e289003 e-flex e-con-boxed wpr-particle-no wpr-jarallax-no wpr-parallax-no wpr-sticky-section-no wpr-equal-height-no e-con e-parent\" data-id=\"e289003\" data-element_type=\"container\" data-e-type=\"container\" data-settings=\"{&quot;background_background&quot;:&quot;classic&quot;}\">\n\t\t\t\t\t<div class=\"e-con-inner\">\n\t\t<div class=\"elementor-element elementor-element-39e07a3 e-con-full e-flex wpr-particle-no wpr-jarallax-no wpr-parallax-no wpr-sticky-section-no wpr-equal-height-no e-con e-child\" data-id=\"39e07a3\" data-element_type=\"container\" data-e-type=\"container\">\n\t\t<div class=\"elementor-element elementor-element-ed9cef0 e-con-full e-flex wpr-particle-no wpr-jarallax-no wpr-parallax-no wpr-sticky-section-no wpr-equal-height-no e-con e-child\" data-id=\"ed9cef0\" data-element_type=\"container\" data-e-type=\"container\" data-settings=\"{&quot;background_background&quot;:&quot;classic&quot;}\">\n\t\t\t\t<div class=\"elementor-element elementor-element-f2782a7 elementor-widget elementor-widget-heading\" data-id=\"f2782a7\" data-element_type=\"widget\" data-e-type=\"widget\" data-widget_type=\"heading.default\">\n\t\t\t\t<div class=\"elementor-widget-container\">\n\t\t\t\t\t<h2 class=\"elementor-heading-title elementor-size-default\">Entretien du Cuir<\/h2>\t\t\t\t<\/div>\n\t\t\t\t<\/div>\n\t\t\t\t<div class=\"elementor-element elementor-element-ccc8dae elementor-widget elementor-widget-text-editor\" data-id=\"ccc8dae\" data-element_type=\"widget\" data-e-type=\"widget\" data-widget_type=\"text-editor.default\">\n\t\t\t\t<div class=\"elementor-widget-container\">\n\t\t\t\t\t\t\t\t\t<p>Le cuir est une mati\u00e8re vivante et naturelle, c&rsquo;est pourquoi elle demande de l&rsquo;entretien pour pouvoir en profiter le plus longtemps avec tout le cachet et la patine cr\u00e9\u00e9es par l&rsquo;usure naturelle de cette belle mati\u00e8re.<\/p><p>Pensez \u00e0 bien imperm\u00e9abiliser votre cuir avant sa premi\u00e8re utilisation et renouvelez tous les mois. N&rsquo;h\u00e9sitez pas \u00e0 faire un test avec un spray imperm\u00e9abilisant transparent sur une petite surface non visible pour \u00eatre s\u00fbr que le produit ne laissera aucune trace.<\/p><p>En ce qui concerne les cuirs lisses. vous pouvez les nettoyer avec un lait de toilette et un linge humide.<\/p><p>Pour les cuirs aspects velours, nubuck &#8230; Il existe des spray<span class=\"gmail_default\">\u200bs<\/span> nettoyant \u00e0 sec (bien tenir compte des recommandations d&rsquo;utilisation en fonction du produit choisi).<\/p><p>Laissez toujours le cuir s\u00e9cher \u00e0 l&rsquo;air libre, pas sur ou avec une source chaude.<\/p><p>En cas de t\u00e2che de gras. retirez rapidement la mati\u00e8re grasse avec un papier absorbant sans frotter et ensuite appliquez du talc (ou de la terre de Sommi\u00e8re) en couche \u00e9paisse pendant 24 &#8211; 48 heures, ce qui devrait absorber le reste du gras.<\/p><p>Attention aux cuirs tr\u00e8s pigment\u00e9s, ils peuvent transf\u00e9rer leurs couleurs sur des mati\u00e8res clairs surtout par temps humide ou par temps chaud avec la transpiration. Inversement pour les cuirs clairs, qui eux peuvent avoir un transfert de couleurs comme par exemple avec un jeans brut.<\/p>\t\t\t\t\t\t\t\t<\/div>\n\t\t\t\t<\/div>\n\t\t\t\t<\/div>\n\t\t\t\t<\/div>\n\t\t\t\t\t<\/div>\n\t\t\t\t<\/div>\n\t\t\t\t<\/div>\n\t\t","protected":false},"excerpt":{"rendered":"<p>Entretien du Cuir Le cuir est une mati\u00e8re vivante et naturelle, c&rsquo;est pourquoi elle demande de l&rsquo;entretien pour pouvoir en profiter le plus longtemps avec tout le cachet et la patine cr\u00e9\u00e9es par l&rsquo;usure naturelle de cette belle mati\u00e8re. Pensez \u00e0 bien imperm\u00e9abiliser votre cuir avant sa premi\u00e8re utilisation et renouvelez tous les mois. N&rsquo;h\u00e9sitez pas \u00e0 faire un test avec un spray imperm\u00e9abilisant transparent sur une petite surface non visible pour \u00eatre s\u00fbr que le produit ne laissera aucune trace. En ce qui concerne les cuirs lisses. vous pouvez les nettoyer avec un lait de toilette et un linge humide. Pour les cuirs aspects velours, nubuck &#8230; Il existe des spray\u200bs nettoyant \u00e0 sec (bien tenir compte des recommandations d&rsquo;utilisation en fonction du produit choisi). Laissez toujours le cuir s\u00e9cher \u00e0 l&rsquo;air libre, pas sur ou avec une source chaude. En cas de t\u00e2che de gras. retirez rapidement la mati\u00e8re grasse avec un papier absorbant sans frotter et ensuite appliquez du talc (ou de la terre de Sommi\u00e8re) en couche \u00e9paisse pendant 24 &#8211; 48 heures, ce qui devrait absorber le reste du gras. Attention aux cuirs tr\u00e8s pigment\u00e9s, ils peuvent transf\u00e9rer leurs couleurs sur des mati\u00e8res clairs surtout par temps humide ou par temps chaud avec la transpiration. Inversement pour les cuirs clairs, qui eux peuvent avoir un transfert de couleurs comme par exemple avec un jeans brut.<\/p>\n","protected":false},"author":1,"featured_media":0,"parent":0,"menu_order":0,"comment_status":"closed","ping_status":"closed","template":"","meta":{"_monsterinsights_skip_tracking":false,"_monsterinsights_sitenote_active":false,"_monsterinsights_sitenote_note":"","_monsterinsights_sitenote_category":0,"site-sidebar-layout":"no-sidebar","site-content-layout":"","ast-site-content-layout":"full-width-container","site-content-style":"default","site-sidebar-style":"default","ast-global-header-display":"","ast-banner-title-visibility":"","ast-main-header-display":"","ast-hfb-above-header-display":"","ast-hfb-below-header-display":"","ast-hfb-mobile-header-display":"","site-post-title":"disabled","ast-breadcrumbs-content":"","ast-featured-img":"disabled","footer-sml-layout":"","ast-disable-related-posts":"","theme-transparent-header-meta":"","adv-header-id-meta":"","stick-header-meta":"","header-above-stick-meta":"","header-main-stick-meta":"","header-below-stick-meta":"","astra-migrate-meta-layouts":"default","ast-page-background-enabled":"default","ast-page-background-meta":{"desktop":{"background-color":"var(--ast-global-color-4)","background-image":"","background-repeat":"repeat","background-position":"center center","background-size":"auto","background-attachment":"scroll","background-type":"","background-media":"","overlay-type":"","overlay-color":"","overlay-opacity":"","overlay-gradient":""},"tablet":{"background-color":"","background-image":"","background-repeat":"repeat","background-position":"center center","background-size":"auto","background-attachment":"scroll","background-type":"","background-media":"","overlay-type":"","overlay-color":"","overlay-opacity":"","overlay-gradient":""},"mobile":{"background-color":"","background-image":"","background-repeat":"repeat","background-position":"center center","background-size":"auto","background-attachment":"scroll","background-type":"","background-media":"","overlay-type":"","overlay-color":"","overlay-opacity":"","overlay-gradient":""}},"ast-content-background-meta":{"desktop":{"background-color":"var(--ast-global-color-5)","background-image":"","background-repeat":"repeat","background-position":"center center","background-size":"auto","background-attachment":"scroll","background-type":"","background-media":"","overlay-type":"","overlay-color":"","overlay-opacity":"","overlay-gradient":""},"tablet":{"background-color":"var(--ast-global-color-5)","background-image":"","background-repeat":"repeat","background-position":"center center","background-size":"auto","background-attachment":"scroll","background-type":"","background-media":"","overlay-type":"","overlay-color":"","overlay-opacity":"","overlay-gradient":""},"mobile":{"background-color":"var(--ast-global-color-5)","background-image":"","background-repeat":"repeat","background-position":"center center","background-size":"auto","background-attachment":"scroll","background-type":"","background-media":"","overlay-type":"","overlay-color":"","overlay-opacity":"","overlay-gradient":""}},"footnotes":""},"class_list":["post-154","page","type-page","status-publish","hentry"],"yoast_head":"<!-- This site is optimized with the Yoast SEO plugin v27.4 - https:\/\/yoast.com\/product\/yoast-seo-wordpress\/ -->\n<title>Entretien du Cuir - MiL Maroquinerie<\/title>\n<meta name=\"robots\" content=\"index, follow, max-snippet:-1, max-image-preview:large, max-video-preview:-1\" \/>\n<link rel=\"canonical\" href=\"https:\/\/www.mil-madeinlecoq.com\/index.php\/entretien-du-cuir\/\" \/>\n<meta property=\"og:locale\" content=\"fr_FR\" \/>\n<meta property=\"og:type\" content=\"article\" \/>\n<meta property=\"og:title\" content=\"Entretien du Cuir - MiL Maroquinerie\" \/>\n<meta property=\"og:description\" content=\"Entretien du Cuir Le cuir est une mati\u00e8re vivante et naturelle, c&rsquo;est pourquoi elle demande de l&rsquo;entretien pour pouvoir en profiter le plus longtemps avec tout le cachet et la patine cr\u00e9\u00e9es par l&rsquo;usure naturelle de cette belle mati\u00e8re. Pensez \u00e0 bien imperm\u00e9abiliser votre cuir avant sa premi\u00e8re utilisation et renouvelez tous les mois. N&rsquo;h\u00e9sitez pas \u00e0 faire un test avec un spray imperm\u00e9abilisant transparent sur une petite surface non visible pour \u00eatre s\u00fbr que le produit ne laissera aucune trace. En ce qui concerne les cuirs lisses. vous pouvez les nettoyer avec un lait de toilette et un linge humide. Pour les cuirs aspects velours, nubuck &#8230; Il existe des spray\u200bs nettoyant \u00e0 sec (bien tenir compte des recommandations d&rsquo;utilisation en fonction du produit choisi). Laissez toujours le cuir s\u00e9cher \u00e0 l&rsquo;air libre, pas sur ou avec une source chaude. En cas de t\u00e2che de gras. retirez rapidement la mati\u00e8re grasse avec un papier absorbant sans frotter et ensuite appliquez du talc (ou de la terre de Sommi\u00e8re) en couche \u00e9paisse pendant 24 &#8211; 48 heures, ce qui devrait absorber le reste du gras. Attention aux cuirs tr\u00e8s pigment\u00e9s, ils peuvent transf\u00e9rer leurs couleurs sur des mati\u00e8res clairs surtout par temps humide ou par temps chaud avec la transpiration. Inversement pour les cuirs clairs, qui eux peuvent avoir un transfert de couleurs comme par exemple avec un jeans brut.\" \/>\n<meta property=\"og:url\" content=\"https:\/\/www.mil-madeinlecoq.com\/index.php\/entretien-du-cuir\/\" \/>\n<meta property=\"og:site_name\" content=\"MiL Maroquinerie\" \/>\n<meta property=\"article:modified_time\" content=\"2025-11-17T10:24:30+00:00\" \/>\n<meta name=\"twitter:card\" content=\"summary_large_image\" \/>\n<meta name=\"twitter:label1\" content=\"Dur\u00e9e de lecture estim\u00e9e\" \/>\n\t<meta name=\"twitter:data1\" content=\"2 minutes\" \/>\n<script type=\"application\/ld+json\" class=\"yoast-schema-graph\">{\"@context\":\"https:\\\/\\\/schema.org\",\"@graph\":[{\"@type\":\"WebPage\",\"@id\":\"https:\\\/\\\/www.mil-madeinlecoq.com\\\/index.php\\\/entretien-du-cuir\\\/\",\"url\":\"https:\\\/\\\/www.mil-madeinlecoq.com\\\/index.php\\\/entretien-du-cuir\\\/\",\"name\":\"Entretien du Cuir - MiL Maroquinerie\",\"isPartOf\":{\"@id\":\"https:\\\/\\\/www.mil-madeinlecoq.com\\\/#website\"},\"datePublished\":\"2024-10-31T11:10:28+00:00\",\"dateModified\":\"2025-11-17T10:24:30+00:00\",\"breadcrumb\":{\"@id\":\"https:\\\/\\\/www.mil-madeinlecoq.com\\\/index.php\\\/entretien-du-cuir\\\/#breadcrumb\"},\"inLanguage\":\"fr-FR\",\"potentialAction\":[{\"@type\":\"ReadAction\",\"target\":[\"https:\\\/\\\/www.mil-madeinlecoq.com\\\/index.php\\\/entretien-du-cuir\\\/\"]}]},{\"@type\":\"BreadcrumbList\",\"@id\":\"https:\\\/\\\/www.mil-madeinlecoq.com\\\/index.php\\\/entretien-du-cuir\\\/#breadcrumb\",\"itemListElement\":[{\"@type\":\"ListItem\",\"position\":1,\"name\":\"Accueil\",\"item\":\"https:\\\/\\\/www.mil-madeinlecoq.com\\\/\"},{\"@type\":\"ListItem\",\"position\":2,\"name\":\"Entretien du Cuir\"}]},{\"@type\":\"WebSite\",\"@id\":\"https:\\\/\\\/www.mil-madeinlecoq.com\\\/#website\",\"url\":\"https:\\\/\\\/www.mil-madeinlecoq.com\\\/\",\"name\":\"MiL Maroquinerie\",\"description\":\"Maroquinerie artisanale \u00e9co-responsable Ancenis\",\"publisher\":{\"@id\":\"https:\\\/\\\/www.mil-madeinlecoq.com\\\/#organization\"},\"potentialAction\":[{\"@type\":\"SearchAction\",\"target\":{\"@type\":\"EntryPoint\",\"urlTemplate\":\"https:\\\/\\\/www.mil-madeinlecoq.com\\\/?s={search_term_string}\"},\"query-input\":{\"@type\":\"PropertyValueSpecification\",\"valueRequired\":true,\"valueName\":\"search_term_string\"}}],\"inLanguage\":\"fr-FR\"},{\"@type\":\"Organization\",\"@id\":\"https:\\\/\\\/www.mil-madeinlecoq.com\\\/#organization\",\"name\":\"MiL Maroquinerie\",\"url\":\"https:\\\/\\\/www.mil-madeinlecoq.com\\\/\",\"logo\":{\"@type\":\"ImageObject\",\"inLanguage\":\"fr-FR\",\"@id\":\"https:\\\/\\\/www.mil-madeinlecoq.com\\\/#\\\/schema\\\/logo\\\/image\\\/\",\"url\":\"https:\\\/\\\/www.mil-madeinlecoq.com\\\/wp-content\\\/uploads\\\/2024\\\/10\\\/logo.png\",\"contentUrl\":\"https:\\\/\\\/www.mil-madeinlecoq.com\\\/wp-content\\\/uploads\\\/2024\\\/10\\\/logo.png\",\"width\":156,\"height\":40,\"caption\":\"MiL Maroquinerie\"},\"image\":{\"@id\":\"https:\\\/\\\/www.mil-madeinlecoq.com\\\/#\\\/schema\\\/logo\\\/image\\\/\"}}]}<\/script>\n<!-- \/ Yoast SEO plugin. -->","yoast_head_json":{"title":"Entretien du Cuir - MiL Maroquinerie","robots":{"index":"index","follow":"follow","max-snippet":"max-snippet:-1","max-image-preview":"max-image-preview:large","max-video-preview":"max-video-preview:-1"},"canonical":"https:\/\/www.mil-madeinlecoq.com\/index.php\/entretien-du-cuir\/","og_locale":"fr_FR","og_type":"article","og_title":"Entretien du Cuir - MiL Maroquinerie","og_description":"Entretien du Cuir Le cuir est une mati\u00e8re vivante et naturelle, c&rsquo;est pourquoi elle demande de l&rsquo;entretien pour pouvoir en profiter le plus longtemps avec tout le cachet et la patine cr\u00e9\u00e9es par l&rsquo;usure naturelle de cette belle mati\u00e8re. Pensez \u00e0 bien imperm\u00e9abiliser votre cuir avant sa premi\u00e8re utilisation et renouvelez tous les mois. N&rsquo;h\u00e9sitez pas \u00e0 faire un test avec un spray imperm\u00e9abilisant transparent sur une petite surface non visible pour \u00eatre s\u00fbr que le produit ne laissera aucune trace. En ce qui concerne les cuirs lisses. vous pouvez les nettoyer avec un lait de toilette et un linge humide. Pour les cuirs aspects velours, nubuck &#8230; Il existe des spray\u200bs nettoyant \u00e0 sec (bien tenir compte des recommandations d&rsquo;utilisation en fonction du produit choisi). Laissez toujours le cuir s\u00e9cher \u00e0 l&rsquo;air libre, pas sur ou avec une source chaude. En cas de t\u00e2che de gras. retirez rapidement la mati\u00e8re grasse avec un papier absorbant sans frotter et ensuite appliquez du talc (ou de la terre de Sommi\u00e8re) en couche \u00e9paisse pendant 24 &#8211; 48 heures, ce qui devrait absorber le reste du gras. Attention aux cuirs tr\u00e8s pigment\u00e9s, ils peuvent transf\u00e9rer leurs couleurs sur des mati\u00e8res clairs surtout par temps humide ou par temps chaud avec la transpiration. Inversement pour les cuirs clairs, qui eux peuvent avoir un transfert de couleurs comme par exemple avec un jeans brut.","og_url":"https:\/\/www.mil-madeinlecoq.com\/index.php\/entretien-du-cuir\/","og_site_name":"MiL Maroquinerie","article_modified_time":"2025-11-17T10:24:30+00:00","twitter_card":"summary_large_image","twitter_misc":{"Dur\u00e9e de lecture estim\u00e9e":"2 minutes"},"schema":{"@context":"https:\/\/schema.org","@graph":[{"@type":"WebPage","@id":"https:\/\/www.mil-madeinlecoq.com\/index.php\/entretien-du-cuir\/","url":"https:\/\/www.mil-madeinlecoq.com\/index.php\/entretien-du-cuir\/","name":"Entretien du Cuir - MiL Maroquinerie","isPartOf":{"@id":"https:\/\/www.mil-madeinlecoq.com\/#website"},"datePublished":"2024-10-31T11:10:28+00:00","dateModified":"2025-11-17T10:24:30+00:00","breadcrumb":{"@id":"https:\/\/www.mil-madeinlecoq.com\/index.php\/entretien-du-cuir\/#breadcrumb"},"inLanguage":"fr-FR","potentialAction":[{"@type":"ReadAction","target":["https:\/\/www.mil-madeinlecoq.com\/index.php\/entretien-du-cuir\/"]}]},{"@type":"BreadcrumbList","@id":"https:\/\/www.mil-madeinlecoq.com\/index.php\/entretien-du-cuir\/#breadcrumb","itemListElement":[{"@type":"ListItem","position":1,"name":"Accueil","item":"https:\/\/www.mil-madeinlecoq.com\/"},{"@type":"ListItem","position":2,"name":"Entretien du Cuir"}]},{"@type":"WebSite","@id":"https:\/\/www.mil-madeinlecoq.com\/#website","url":"https:\/\/www.mil-madeinlecoq.com\/","name":"MiL Maroquinerie","description":"Maroquinerie artisanale \u00e9co-responsable Ancenis","publisher":{"@id":"https:\/\/www.mil-madeinlecoq.com\/#organization"},"potentialAction":[{"@type":"SearchAction","target":{"@type":"EntryPoint","urlTemplate":"https:\/\/www.mil-madeinlecoq.com\/?s={search_term_string}"},"query-input":{"@type":"PropertyValueSpecification","valueRequired":true,"valueName":"search_term_string"}}],"inLanguage":"fr-FR"},{"@type":"Organization","@id":"https:\/\/www.mil-madeinlecoq.com\/#organization","name":"MiL Maroquinerie","url":"https:\/\/www.mil-madeinlecoq.com\/","logo":{"@type":"ImageObject","inLanguage":"fr-FR","@id":"https:\/\/www.mil-madeinlecoq.com\/#\/schema\/logo\/image\/","url":"https:\/\/www.mil-madeinlecoq.com\/wp-content\/uploads\/2024\/10\/logo.png","contentUrl":"https:\/\/www.mil-madeinlecoq.com\/wp-content\/uploads\/2024\/10\/logo.png","width":156,"height":40,"caption":"MiL Maroquinerie"},"image":{"@id":"https:\/\/www.mil-madeinlecoq.com\/#\/schema\/logo\/image\/"}}]}},"_links":{"self":[{"href":"https:\/\/www.mil-madeinlecoq.com\/index.php\/wp-json\/wp\/v2\/pages\/154","targetHints":{"allow":["GET"]}}],"collection":[{"href":"https:\/\/www.mil-madeinlecoq.com\/index.php\/wp-json\/wp\/v2\/pages"}],"about":[{"href":"https:\/\/www.mil-madeinlecoq.com\/index.php\/wp-json\/wp\/v2\/types\/page"}],"author":[{"embeddable":true,"href":"https:\/\/www.mil-madeinlecoq.com\/index.php\/wp-json\/wp\/v2\/users\/1"}],"replies":[{"embeddable":true,"href":"https:\/\/www.mil-madeinlecoq.com\/index.php\/wp-json\/wp\/v2\/comments?post=154"}],"version-history":[{"count":65,"href":"https:\/\/www.mil-madeinlecoq.com\/index.php\/wp-json\/wp\/v2\/pages\/154\/revisions"}],"predecessor-version":[{"id":989,"href":"https:\/\/www.mil-madeinlecoq.com\/index.php\/wp-json\/wp\/v2\/pages\/154\/revisions\/989"}],"wp:attachment":[{"href":"https:\/\/www.mil-madeinlecoq.com\/index.php\/wp-json\/wp\/v2\/media?parent=154"}],"curies":[{"name":"wp","href":"https:\/\/api.w.org\/{rel}","templated":true}]}}