{"id":160,"date":"2024-11-02T14:14:53","date_gmt":"2024-11-02T14:14:53","guid":{"rendered":"https:\/\/www.mil-madeinlecoq.com\/?page_id=160"},"modified":"2025-11-17T10:04:30","modified_gmt":"2025-11-17T10:04:30","slug":"comment-choisir-son-sac-a-main","status":"publish","type":"page","link":"https:\/\/www.mil-madeinlecoq.com\/index.php\/comment-choisir-son-sac-a-main\/","title":{"rendered":"Comment choisir son sac \u00e0 main ?"},"content":{"rendered":"\t\t<div data-elementor-type=\"wp-page\" data-elementor-id=\"160\" class=\"elementor elementor-160\">\n\t\t\t\t<div class=\"elementor-element elementor-element-a3ec94c e-flex e-con-boxed wpr-particle-no wpr-jarallax-no wpr-parallax-no wpr-sticky-section-no wpr-equal-height-no e-con e-parent\" data-id=\"a3ec94c\" data-element_type=\"container\" data-e-type=\"container\">\n\t\t\t\t\t<div class=\"e-con-inner\">\n\t\t<div class=\"elementor-element elementor-element-6b93d1a e-con-full e-flex wpr-particle-no wpr-jarallax-no wpr-parallax-no wpr-sticky-section-no wpr-equal-height-no e-con e-child\" data-id=\"6b93d1a\" data-element_type=\"container\" data-e-type=\"container\">\n\t\t\t\t<div class=\"elementor-element elementor-element-fe92d90 elementor-widget elementor-widget-heading\" data-id=\"fe92d90\" data-element_type=\"widget\" data-e-type=\"widget\" data-widget_type=\"heading.default\">\n\t\t\t\t<div class=\"elementor-widget-container\">\n\t\t\t\t\t<h2 class=\"elementor-heading-title elementor-size-default\">Comment choisir son sac \u00e0 main ?<\/h2>\t\t\t\t<\/div>\n\t\t\t\t<\/div>\n\t\t\t\t<div class=\"elementor-element elementor-element-9fbd32c elementor-widget elementor-widget-text-editor\" data-id=\"9fbd32c\" data-element_type=\"widget\" data-e-type=\"widget\" data-widget_type=\"text-editor.default\">\n\t\t\t\t<div class=\"elementor-widget-container\">\n\t\t\t\t\t\t\t\t\t<p>Tout d\u00e9pend de l&rsquo;usage, auquel vous souhaitez le destiner.<\/p>\t\t\t\t\t\t\t\t<\/div>\n\t\t\t\t<\/div>\n\t\t\t\t<\/div>\n\t\t<div class=\"elementor-element elementor-element-759ded3 e-con-full e-flex wpr-particle-no wpr-jarallax-no wpr-parallax-no wpr-sticky-section-no wpr-equal-height-no e-con e-child\" data-id=\"759ded3\" data-element_type=\"container\" data-e-type=\"container\">\n\t\t\t\t<div class=\"elementor-element elementor-element-48e3bdc elementor-widget elementor-widget-image\" data-id=\"48e3bdc\" data-element_type=\"widget\" data-e-type=\"widget\" data-widget_type=\"image.default\">\n\t\t\t\t<div class=\"elementor-widget-container\">\n\t\t\t\t\t\t\t\t\t\t\t\t\t\t\t<img decoding=\"async\" src=\"https:\/\/www.mil-madeinlecoq.com\/wp-content\/uploads\/2024\/11\/My_Stop_Motion_Movie14.mov\" title=\"\" alt=\"\" loading=\"lazy\" \/>\t\t\t\t\t\t\t\t\t\t\t\t\t\t\t<\/div>\n\t\t\t\t<\/div>\n\t\t\t\t<\/div>\n\t\t<div class=\"elementor-element elementor-element-0d0f11c e-con-full e-flex wpr-particle-no wpr-jarallax-no wpr-parallax-no wpr-sticky-section-no wpr-equal-height-no e-con e-child\" data-id=\"0d0f11c\" data-element_type=\"container\" data-e-type=\"container\">\n\t\t\t\t<div class=\"elementor-element elementor-element-f890749 elementor-widget elementor-widget-text-editor\" data-id=\"f890749\" data-element_type=\"widget\" data-e-type=\"widget\" data-widget_type=\"text-editor.default\">\n\t\t\t\t<div class=\"elementor-widget-container\">\n\t\t\t\t\t\t\t\t\t<p>Si c\u2019est un sac pour le travail ou la fac par exemple. optez plut\u00f4t pour un format assez grand, type cabas comme les 22-MiL ou 9-MiL dans lesquels vous pourrez facilement y glisser ordi, tablette, livre, agenda&#8230;<\/p>\t\t\t\t\t\t\t\t<\/div>\n\t\t\t\t<\/div>\n\t\t\t\t<\/div>\n\t\t<div class=\"elementor-element elementor-element-0c12a0e e-con-full e-flex wpr-particle-no wpr-jarallax-no wpr-parallax-no wpr-sticky-section-no wpr-equal-height-no e-con e-child\" data-id=\"0c12a0e\" data-element_type=\"container\" data-e-type=\"container\">\n\t\t\t\t<div class=\"elementor-element elementor-element-474eefb elementor-widget elementor-widget-text-editor\" data-id=\"474eefb\" data-element_type=\"widget\" data-e-type=\"widget\" data-widget_type=\"text-editor.default\">\n\t\t\t\t<div class=\"elementor-widget-container\">\n\t\t\t\t\t\t\t\t\t<p>Pour les mamans, le plus adapt\u00e9 sera un sac avec une bandouli\u00e8re comme le Mil-Lieu. Vous pourrez emporter pleins de choses, m\u00eame y glisser un doudou, tout en gardant les mains libres pour vos enfants.<\/p>\t\t\t\t\t\t\t\t<\/div>\n\t\t\t\t<\/div>\n\t\t\t\t<\/div>\n\t\t<div class=\"elementor-element elementor-element-edb261d e-con-full e-flex wpr-particle-no wpr-jarallax-no wpr-parallax-no wpr-sticky-section-no wpr-equal-height-no e-con e-child\" data-id=\"edb261d\" data-element_type=\"container\" data-e-type=\"container\">\n\t\t\t\t<div class=\"elementor-element elementor-element-3d8a6d7 elementor-widget elementor-widget-image\" data-id=\"3d8a6d7\" data-element_type=\"widget\" data-e-type=\"widget\" data-widget_type=\"image.default\">\n\t\t\t\t<div class=\"elementor-widget-container\">\n\t\t\t\t\t\t\t\t\t\t\t\t\t\t\t<img decoding=\"async\" src=\"https:\/\/www.mil-madeinlecoq.com\/wp-content\/uploads\/2024\/11\/My_Stop_Motion_Movie13.mov\" title=\"\" alt=\"\" loading=\"lazy\" \/>\t\t\t\t\t\t\t\t\t\t\t\t\t\t\t<\/div>\n\t\t\t\t<\/div>\n\t\t\t\t<\/div>\n\t\t<div class=\"elementor-element elementor-element-7a22cb4 e-con-full e-flex wpr-particle-no wpr-jarallax-no wpr-parallax-no wpr-sticky-section-no wpr-equal-height-no e-con e-child\" data-id=\"7a22cb4\" data-element_type=\"container\" data-e-type=\"container\">\n\t\t\t\t<div class=\"elementor-element elementor-element-85c4157 elementor-hidden-desktop elementor-widget elementor-widget-spacer\" data-id=\"85c4157\" data-element_type=\"widget\" data-e-type=\"widget\" data-widget_type=\"spacer.default\">\n\t\t\t\t<div class=\"elementor-widget-container\">\n\t\t\t\t\t\t\t<div class=\"elementor-spacer\">\n\t\t\t<div class=\"elementor-spacer-inner\"><\/div>\n\t\t<\/div>\n\t\t\t\t\t\t<\/div>\n\t\t\t\t<\/div>\n\t\t\t\t<div class=\"elementor-element elementor-element-8cb7c02 elementor-widget elementor-widget-image\" data-id=\"8cb7c02\" data-element_type=\"widget\" data-e-type=\"widget\" data-widget_type=\"image.default\">\n\t\t\t\t<div class=\"elementor-widget-container\">\n\t\t\t\t\t\t\t\t\t\t\t\t\t\t\t<img decoding=\"async\" src=\"https:\/\/www.mil-madeinlecoq.com\/wp-content\/uploads\/2024\/11\/My_Stop_Motion_Movie9.mov\" title=\"\" alt=\"\" loading=\"lazy\" \/>\t\t\t\t\t\t\t\t\t\t\t\t\t\t\t<\/div>\n\t\t\t\t<\/div>\n\t\t\t\t<\/div>\n\t\t<div class=\"elementor-element elementor-element-5701b90 e-con-full e-flex wpr-particle-no wpr-jarallax-no wpr-parallax-no wpr-sticky-section-no wpr-equal-height-no e-con e-child\" data-id=\"5701b90\" data-element_type=\"container\" data-e-type=\"container\">\n\t\t\t\t<div class=\"elementor-element elementor-element-4c75a90 elementor-widget elementor-widget-text-editor\" data-id=\"4c75a90\" data-element_type=\"widget\" data-e-type=\"widget\" data-widget_type=\"text-editor.default\">\n\t\t\t\t<div class=\"elementor-widget-container\">\n\t\t\t\t\t\t\t\t\t<p>Et pour une balade, une soir\u00e9e, un festival ou encore un concert &#8230; L\u00e0 il faut opter pour un petit sac comme le MiL-Travel ! Il vous permettra d&#8217;emporter votre n\u00e9c\u00e9ssaire, papiers d&rsquo;identit\u00e9, une carte bancaire. un t\u00e9l\u00e9phone, un rouge \u00e0 l\u00e8vres &#8230; Vous pourrez le porter en bandouli\u00e8re pour danser, marcher, bouger sans le sentir et si n\u00e9c\u00e9ssaire, il peut m\u00eame se glisser sous un manteau pour ne plus le voir.<\/p>\t\t\t\t\t\t\t\t<\/div>\n\t\t\t\t<\/div>\n\t\t\t\t<\/div>\n\t\t\t\t\t<\/div>\n\t\t\t\t<\/div>\n\t\t<div class=\"elementor-element elementor-element-0c1d93b e-flex e-con-boxed wpr-particle-no wpr-jarallax-no wpr-parallax-no wpr-sticky-section-no wpr-equal-height-no e-con e-parent\" data-id=\"0c1d93b\" data-element_type=\"container\" data-e-type=\"container\">\n\t\t\t\t\t<div class=\"e-con-inner\">\n\t\t\t\t\t<\/div>\n\t\t\t\t<\/div>\n\t\t\t\t<\/div>\n\t\t","protected":false},"excerpt":{"rendered":"<p>Comment choisir son sac \u00e0 main ? Tout d\u00e9pend de l&rsquo;usage, auquel vous souhaitez le destiner. Si c\u2019est un sac pour le travail ou la fac par exemple. optez plut\u00f4t pour un format assez grand, type cabas comme les 22-MiL ou 9-MiL dans lesquels vous pourrez facilement y glisser ordi, tablette, livre, agenda&#8230; Pour les mamans, le plus adapt\u00e9 sera un sac avec une bandouli\u00e8re comme le Mil-Lieu. Vous pourrez emporter pleins de choses, m\u00eame y glisser un doudou, tout en gardant les mains libres pour vos enfants. Et pour une balade, une soir\u00e9e, un festival ou encore un concert &#8230; L\u00e0 il faut opter pour un petit sac comme le MiL-Travel ! Il vous permettra d&#8217;emporter votre n\u00e9c\u00e9ssaire, papiers d&rsquo;identit\u00e9, une carte bancaire. un t\u00e9l\u00e9phone, un rouge \u00e0 l\u00e8vres &#8230; Vous pourrez le porter en bandouli\u00e8re pour danser, marcher, bouger sans le sentir et si n\u00e9c\u00e9ssaire, il peut m\u00eame se glisser sous un manteau pour ne plus le voir.<\/p>\n","protected":false},"author":1,"featured_media":0,"parent":0,"menu_order":0,"comment_status":"closed","ping_status":"closed","template":"","meta":{"_monsterinsights_skip_tracking":false,"_monsterinsights_sitenote_active":false,"_monsterinsights_sitenote_note":"","_monsterinsights_sitenote_category":0,"site-sidebar-layout":"no-sidebar","site-content-layout":"","ast-site-content-layout":"full-width-container","site-content-style":"default","site-sidebar-style":"default","ast-global-header-display":"","ast-banner-title-visibility":"","ast-main-header-display":"","ast-hfb-above-header-display":"","ast-hfb-below-header-display":"","ast-hfb-mobile-header-display":"","site-post-title":"disabled","ast-breadcrumbs-content":"","ast-featured-img":"disabled","footer-sml-layout":"","ast-disable-related-posts":"","theme-transparent-header-meta":"","adv-header-id-meta":"","stick-header-meta":"","header-above-stick-meta":"","header-main-stick-meta":"","header-below-stick-meta":"","astra-migrate-meta-layouts":"default","ast-page-background-enabled":"default","ast-page-background-meta":{"desktop":{"background-color":"var(--ast-global-color-4)","background-image":"","background-repeat":"repeat","background-position":"center center","background-size":"auto","background-attachment":"scroll","background-type":"","background-media":"","overlay-type":"","overlay-color":"","overlay-opacity":"","overlay-gradient":""},"tablet":{"background-color":"","background-image":"","background-repeat":"repeat","background-position":"center center","background-size":"auto","background-attachment":"scroll","background-type":"","background-media":"","overlay-type":"","overlay-color":"","overlay-opacity":"","overlay-gradient":""},"mobile":{"background-color":"","background-image":"","background-repeat":"repeat","background-position":"center center","background-size":"auto","background-attachment":"scroll","background-type":"","background-media":"","overlay-type":"","overlay-color":"","overlay-opacity":"","overlay-gradient":""}},"ast-content-background-meta":{"desktop":{"background-color":"var(--ast-global-color-5)","background-image":"","background-repeat":"repeat","background-position":"center center","background-size":"auto","background-attachment":"scroll","background-type":"","background-media":"","overlay-type":"","overlay-color":"","overlay-opacity":"","overlay-gradient":""},"tablet":{"background-color":"var(--ast-global-color-5)","background-image":"","background-repeat":"repeat","background-position":"center center","background-size":"auto","background-attachment":"scroll","background-type":"","background-media":"","overlay-type":"","overlay-color":"","overlay-opacity":"","overlay-gradient":""},"mobile":{"background-color":"var(--ast-global-color-5)","background-image":"","background-repeat":"repeat","background-position":"center center","background-size":"auto","background-attachment":"scroll","background-type":"","background-media":"","overlay-type":"","overlay-color":"","overlay-opacity":"","overlay-gradient":""}},"footnotes":""},"class_list":["post-160","page","type-page","status-publish","hentry"],"yoast_head":"<!-- This site is optimized with the Yoast SEO plugin v27.4 - https:\/\/yoast.com\/product\/yoast-seo-wordpress\/ -->\n<title>Comment choisir son sac \u00e0 main ? - MiL Maroquinerie<\/title>\n<meta name=\"robots\" content=\"index, follow, max-snippet:-1, max-image-preview:large, max-video-preview:-1\" \/>\n<link rel=\"canonical\" href=\"https:\/\/www.mil-madeinlecoq.com\/index.php\/comment-choisir-son-sac-a-main\/\" \/>\n<meta property=\"og:locale\" content=\"fr_FR\" \/>\n<meta property=\"og:type\" content=\"article\" \/>\n<meta property=\"og:title\" content=\"Comment choisir son sac \u00e0 main ? - MiL Maroquinerie\" \/>\n<meta property=\"og:description\" content=\"Comment choisir son sac \u00e0 main ? Tout d\u00e9pend de l&rsquo;usage, auquel vous souhaitez le destiner. Si c\u2019est un sac pour le travail ou la fac par exemple. optez plut\u00f4t pour un format assez grand, type cabas comme les 22-MiL ou 9-MiL dans lesquels vous pourrez facilement y glisser ordi, tablette, livre, agenda&#8230; Pour les mamans, le plus adapt\u00e9 sera un sac avec une bandouli\u00e8re comme le Mil-Lieu. Vous pourrez emporter pleins de choses, m\u00eame y glisser un doudou, tout en gardant les mains libres pour vos enfants. Et pour une balade, une soir\u00e9e, un festival ou encore un concert &#8230; L\u00e0 il faut opter pour un petit sac comme le MiL-Travel ! Il vous permettra d&#8217;emporter votre n\u00e9c\u00e9ssaire, papiers d&rsquo;identit\u00e9, une carte bancaire. un t\u00e9l\u00e9phone, un rouge \u00e0 l\u00e8vres &#8230; Vous pourrez le porter en bandouli\u00e8re pour danser, marcher, bouger sans le sentir et si n\u00e9c\u00e9ssaire, il peut m\u00eame se glisser sous un manteau pour ne plus le voir.\" \/>\n<meta property=\"og:url\" content=\"https:\/\/www.mil-madeinlecoq.com\/index.php\/comment-choisir-son-sac-a-main\/\" \/>\n<meta property=\"og:site_name\" content=\"MiL Maroquinerie\" \/>\n<meta property=\"article:modified_time\" content=\"2025-11-17T10:04:30+00:00\" \/>\n<meta property=\"og:image\" content=\"https:\/\/www.mil-madeinlecoq.com\/wp-content\/uploads\/2024\/11\/My_Stop_Motion_Movie14.mov\" \/>\n<meta name=\"twitter:card\" content=\"summary_large_image\" \/>\n<meta name=\"twitter:label1\" content=\"Dur\u00e9e de lecture estim\u00e9e\" \/>\n\t<meta name=\"twitter:data1\" content=\"2 minutes\" \/>\n<script type=\"application\/ld+json\" class=\"yoast-schema-graph\">{\"@context\":\"https:\\\/\\\/schema.org\",\"@graph\":[{\"@type\":\"WebPage\",\"@id\":\"https:\\\/\\\/www.mil-madeinlecoq.com\\\/index.php\\\/comment-choisir-son-sac-a-main\\\/\",\"url\":\"https:\\\/\\\/www.mil-madeinlecoq.com\\\/index.php\\\/comment-choisir-son-sac-a-main\\\/\",\"name\":\"Comment choisir son sac \u00e0 main ? - MiL Maroquinerie\",\"isPartOf\":{\"@id\":\"https:\\\/\\\/www.mil-madeinlecoq.com\\\/#website\"},\"primaryImageOfPage\":{\"@id\":\"https:\\\/\\\/www.mil-madeinlecoq.com\\\/index.php\\\/comment-choisir-son-sac-a-main\\\/#primaryimage\"},\"image\":{\"@id\":\"https:\\\/\\\/www.mil-madeinlecoq.com\\\/index.php\\\/comment-choisir-son-sac-a-main\\\/#primaryimage\"},\"thumbnailUrl\":\"https:\\\/\\\/www.mil-madeinlecoq.com\\\/wp-content\\\/uploads\\\/2024\\\/11\\\/My_Stop_Motion_Movie14.mov\",\"datePublished\":\"2024-11-02T14:14:53+00:00\",\"dateModified\":\"2025-11-17T10:04:30+00:00\",\"breadcrumb\":{\"@id\":\"https:\\\/\\\/www.mil-madeinlecoq.com\\\/index.php\\\/comment-choisir-son-sac-a-main\\\/#breadcrumb\"},\"inLanguage\":\"fr-FR\",\"potentialAction\":[{\"@type\":\"ReadAction\",\"target\":[\"https:\\\/\\\/www.mil-madeinlecoq.com\\\/index.php\\\/comment-choisir-son-sac-a-main\\\/\"]}]},{\"@type\":\"ImageObject\",\"inLanguage\":\"fr-FR\",\"@id\":\"https:\\\/\\\/www.mil-madeinlecoq.com\\\/index.php\\\/comment-choisir-son-sac-a-main\\\/#primaryimage\",\"url\":\"\",\"contentUrl\":\"\",\"width\":1226,\"height\":1204,\"caption\":\"M\u00e9sanger cr\u00e9ation artisanale pochette sac accessoire loire atlantique cultivons les cailloux\"},{\"@type\":\"BreadcrumbList\",\"@id\":\"https:\\\/\\\/www.mil-madeinlecoq.com\\\/index.php\\\/comment-choisir-son-sac-a-main\\\/#breadcrumb\",\"itemListElement\":[{\"@type\":\"ListItem\",\"position\":1,\"name\":\"Accueil\",\"item\":\"https:\\\/\\\/www.mil-madeinlecoq.com\\\/\"},{\"@type\":\"ListItem\",\"position\":2,\"name\":\"Comment choisir son sac \u00e0 main ?\"}]},{\"@type\":\"WebSite\",\"@id\":\"https:\\\/\\\/www.mil-madeinlecoq.com\\\/#website\",\"url\":\"https:\\\/\\\/www.mil-madeinlecoq.com\\\/\",\"name\":\"MiL Maroquinerie\",\"description\":\"Maroquinerie artisanale \u00e9co-responsable Ancenis\",\"publisher\":{\"@id\":\"https:\\\/\\\/www.mil-madeinlecoq.com\\\/#organization\"},\"potentialAction\":[{\"@type\":\"SearchAction\",\"target\":{\"@type\":\"EntryPoint\",\"urlTemplate\":\"https:\\\/\\\/www.mil-madeinlecoq.com\\\/?s={search_term_string}\"},\"query-input\":{\"@type\":\"PropertyValueSpecification\",\"valueRequired\":true,\"valueName\":\"search_term_string\"}}],\"inLanguage\":\"fr-FR\"},{\"@type\":\"Organization\",\"@id\":\"https:\\\/\\\/www.mil-madeinlecoq.com\\\/#organization\",\"name\":\"MiL Maroquinerie\",\"url\":\"https:\\\/\\\/www.mil-madeinlecoq.com\\\/\",\"logo\":{\"@type\":\"ImageObject\",\"inLanguage\":\"fr-FR\",\"@id\":\"https:\\\/\\\/www.mil-madeinlecoq.com\\\/#\\\/schema\\\/logo\\\/image\\\/\",\"url\":\"https:\\\/\\\/www.mil-madeinlecoq.com\\\/wp-content\\\/uploads\\\/2024\\\/10\\\/logo.png\",\"contentUrl\":\"https:\\\/\\\/www.mil-madeinlecoq.com\\\/wp-content\\\/uploads\\\/2024\\\/10\\\/logo.png\",\"width\":156,\"height\":40,\"caption\":\"MiL Maroquinerie\"},\"image\":{\"@id\":\"https:\\\/\\\/www.mil-madeinlecoq.com\\\/#\\\/schema\\\/logo\\\/image\\\/\"}}]}<\/script>\n<!-- \/ Yoast SEO plugin. -->","yoast_head_json":{"title":"Comment choisir son sac \u00e0 main ? - MiL Maroquinerie","robots":{"index":"index","follow":"follow","max-snippet":"max-snippet:-1","max-image-preview":"max-image-preview:large","max-video-preview":"max-video-preview:-1"},"canonical":"https:\/\/www.mil-madeinlecoq.com\/index.php\/comment-choisir-son-sac-a-main\/","og_locale":"fr_FR","og_type":"article","og_title":"Comment choisir son sac \u00e0 main ? - MiL Maroquinerie","og_description":"Comment choisir son sac \u00e0 main ? Tout d\u00e9pend de l&rsquo;usage, auquel vous souhaitez le destiner. Si c\u2019est un sac pour le travail ou la fac par exemple. optez plut\u00f4t pour un format assez grand, type cabas comme les 22-MiL ou 9-MiL dans lesquels vous pourrez facilement y glisser ordi, tablette, livre, agenda&#8230; Pour les mamans, le plus adapt\u00e9 sera un sac avec une bandouli\u00e8re comme le Mil-Lieu. Vous pourrez emporter pleins de choses, m\u00eame y glisser un doudou, tout en gardant les mains libres pour vos enfants. Et pour une balade, une soir\u00e9e, un festival ou encore un concert &#8230; L\u00e0 il faut opter pour un petit sac comme le MiL-Travel ! Il vous permettra d&#8217;emporter votre n\u00e9c\u00e9ssaire, papiers d&rsquo;identit\u00e9, une carte bancaire. un t\u00e9l\u00e9phone, un rouge \u00e0 l\u00e8vres &#8230; Vous pourrez le porter en bandouli\u00e8re pour danser, marcher, bouger sans le sentir et si n\u00e9c\u00e9ssaire, il peut m\u00eame se glisser sous un manteau pour ne plus le voir.","og_url":"https:\/\/www.mil-madeinlecoq.com\/index.php\/comment-choisir-son-sac-a-main\/","og_site_name":"MiL Maroquinerie","article_modified_time":"2025-11-17T10:04:30+00:00","og_image":[{"url":"https:\/\/www.mil-madeinlecoq.com\/wp-content\/uploads\/2024\/11\/My_Stop_Motion_Movie14.mov","type":"","width":"","height":""}],"twitter_card":"summary_large_image","twitter_misc":{"Dur\u00e9e de lecture estim\u00e9e":"2 minutes"},"schema":{"@context":"https:\/\/schema.org","@graph":[{"@type":"WebPage","@id":"https:\/\/www.mil-madeinlecoq.com\/index.php\/comment-choisir-son-sac-a-main\/","url":"https:\/\/www.mil-madeinlecoq.com\/index.php\/comment-choisir-son-sac-a-main\/","name":"Comment choisir son sac \u00e0 main ? - MiL Maroquinerie","isPartOf":{"@id":"https:\/\/www.mil-madeinlecoq.com\/#website"},"primaryImageOfPage":{"@id":"https:\/\/www.mil-madeinlecoq.com\/index.php\/comment-choisir-son-sac-a-main\/#primaryimage"},"image":{"@id":"https:\/\/www.mil-madeinlecoq.com\/index.php\/comment-choisir-son-sac-a-main\/#primaryimage"},"thumbnailUrl":"https:\/\/www.mil-madeinlecoq.com\/wp-content\/uploads\/2024\/11\/My_Stop_Motion_Movie14.mov","datePublished":"2024-11-02T14:14:53+00:00","dateModified":"2025-11-17T10:04:30+00:00","breadcrumb":{"@id":"https:\/\/www.mil-madeinlecoq.com\/index.php\/comment-choisir-son-sac-a-main\/#breadcrumb"},"inLanguage":"fr-FR","potentialAction":[{"@type":"ReadAction","target":["https:\/\/www.mil-madeinlecoq.com\/index.php\/comment-choisir-son-sac-a-main\/"]}]},{"@type":"ImageObject","inLanguage":"fr-FR","@id":"https:\/\/www.mil-madeinlecoq.com\/index.php\/comment-choisir-son-sac-a-main\/#primaryimage","url":"","contentUrl":"","width":1226,"height":1204,"caption":"M\u00e9sanger cr\u00e9ation artisanale pochette sac accessoire loire atlantique cultivons les cailloux"},{"@type":"BreadcrumbList","@id":"https:\/\/www.mil-madeinlecoq.com\/index.php\/comment-choisir-son-sac-a-main\/#breadcrumb","itemListElement":[{"@type":"ListItem","position":1,"name":"Accueil","item":"https:\/\/www.mil-madeinlecoq.com\/"},{"@type":"ListItem","position":2,"name":"Comment choisir son sac \u00e0 main ?"}]},{"@type":"WebSite","@id":"https:\/\/www.mil-madeinlecoq.com\/#website","url":"https:\/\/www.mil-madeinlecoq.com\/","name":"MiL Maroquinerie","description":"Maroquinerie artisanale \u00e9co-responsable Ancenis","publisher":{"@id":"https:\/\/www.mil-madeinlecoq.com\/#organization"},"potentialAction":[{"@type":"SearchAction","target":{"@type":"EntryPoint","urlTemplate":"https:\/\/www.mil-madeinlecoq.com\/?s={search_term_string}"},"query-input":{"@type":"PropertyValueSpecification","valueRequired":true,"valueName":"search_term_string"}}],"inLanguage":"fr-FR"},{"@type":"Organization","@id":"https:\/\/www.mil-madeinlecoq.com\/#organization","name":"MiL Maroquinerie","url":"https:\/\/www.mil-madeinlecoq.com\/","logo":{"@type":"ImageObject","inLanguage":"fr-FR","@id":"https:\/\/www.mil-madeinlecoq.com\/#\/schema\/logo\/image\/","url":"https:\/\/www.mil-madeinlecoq.com\/wp-content\/uploads\/2024\/10\/logo.png","contentUrl":"https:\/\/www.mil-madeinlecoq.com\/wp-content\/uploads\/2024\/10\/logo.png","width":156,"height":40,"caption":"MiL Maroquinerie"},"image":{"@id":"https:\/\/www.mil-madeinlecoq.com\/#\/schema\/logo\/image\/"}}]}},"_links":{"self":[{"href":"https:\/\/www.mil-madeinlecoq.com\/index.php\/wp-json\/wp\/v2\/pages\/160","targetHints":{"allow":["GET"]}}],"collection":[{"href":"https:\/\/www.mil-madeinlecoq.com\/index.php\/wp-json\/wp\/v2\/pages"}],"about":[{"href":"https:\/\/www.mil-madeinlecoq.com\/index.php\/wp-json\/wp\/v2\/types\/page"}],"author":[{"embeddable":true,"href":"https:\/\/www.mil-madeinlecoq.com\/index.php\/wp-json\/wp\/v2\/users\/1"}],"replies":[{"embeddable":true,"href":"https:\/\/www.mil-madeinlecoq.com\/index.php\/wp-json\/wp\/v2\/comments?post=160"}],"version-history":[{"count":20,"href":"https:\/\/www.mil-madeinlecoq.com\/index.php\/wp-json\/wp\/v2\/pages\/160\/revisions"}],"predecessor-version":[{"id":971,"href":"https:\/\/www.mil-madeinlecoq.com\/index.php\/wp-json\/wp\/v2\/pages\/160\/revisions\/971"}],"wp:attachment":[{"href":"https:\/\/www.mil-madeinlecoq.com\/index.php\/wp-json\/wp\/v2\/media?parent=160"}],"curies":[{"name":"wp","href":"https:\/\/api.w.org\/{rel}","templated":true}]}}