{"id":376,"date":"2024-11-13T17:40:11","date_gmt":"2024-11-13T17:40:11","guid":{"rendered":"https:\/\/www.mil-madeinlecoq.com\/?page_id=376"},"modified":"2026-03-10T08:03:05","modified_gmt":"2026-03-10T08:03:05","slug":"contact","status":"publish","type":"page","link":"https:\/\/www.mil-madeinlecoq.com\/index.php\/contact\/","title":{"rendered":"Contact"},"content":{"rendered":"\t\t<div data-elementor-type=\"wp-page\" data-elementor-id=\"376\" class=\"elementor elementor-376\">\n\t\t\t\t<div class=\"elementor-element elementor-element-21acfb2 e-con-full e-flex wpr-particle-no wpr-jarallax-no wpr-parallax-no wpr-sticky-section-no wpr-equal-height-no e-con e-parent\" data-id=\"21acfb2\" data-element_type=\"container\" data-e-type=\"container\" data-settings=\"{&quot;background_background&quot;:&quot;classic&quot;}\">\n\t\t<div class=\"elementor-element elementor-element-432cdf4 e-con-full e-flex wpr-particle-no wpr-jarallax-no wpr-parallax-no wpr-sticky-section-no wpr-equal-height-no e-con e-child\" data-id=\"432cdf4\" data-element_type=\"container\" data-e-type=\"container\" data-settings=\"{&quot;background_background&quot;:&quot;classic&quot;}\">\n\t\t\t\t<div class=\"elementor-element elementor-element-c6d39a9 elementor-widget elementor-widget-heading\" data-id=\"c6d39a9\" data-element_type=\"widget\" data-e-type=\"widget\" data-widget_type=\"heading.default\">\n\t\t\t\t<div class=\"elementor-widget-container\">\n\t\t\t\t\t<h1 class=\"elementor-heading-title elementor-size-default\">MiL - Maroquinerie<br>\nVanessa Lecoq<\/h1>\t\t\t\t<\/div>\n\t\t\t\t<\/div>\n\t\t\t\t<div class=\"elementor-element elementor-element-8e17b77 elementor-widget elementor-widget-text-editor\" data-id=\"8e17b77\" data-element_type=\"widget\" data-e-type=\"widget\" data-widget_type=\"text-editor.default\">\n\t\t\t\t<div class=\"elementor-widget-container\">\n\t\t\t\t\t\t\t\t\t<p>\u00a0<\/p><p>Mail : madeinlecoq@gmail.com<\/p><p>T\u00e9l\u00e9phone : 06 67 89 55 12<\/p>\t\t\t\t\t\t\t\t<\/div>\n\t\t\t\t<\/div>\n\t\t\t\t<div class=\"elementor-element elementor-element-e13ebd9 elementor-widget elementor-widget-text-editor\" data-id=\"e13ebd9\" data-element_type=\"widget\" data-e-type=\"widget\" data-widget_type=\"text-editor.default\">\n\t\t\t\t<div class=\"elementor-widget-container\">\n\t\t\t\t\t\t\t\t\t<p>Pour toutes demandes, n&rsquo;h\u00e9sitez pas \u00e0 me contacter.<br \/>Je serais ravie de pouvoir vous r\u00e9pondre.<\/p>\t\t\t\t\t\t\t\t<\/div>\n\t\t\t\t<\/div>\n\t\t\t\t<\/div>\n\t\t\t\t<\/div>\n\t\t\t\t<\/div>\n\t\t","protected":false},"excerpt":{"rendered":"<p>MiL &#8211; Maroquinerie Vanessa Lecoq \u00a0 Mail : madeinlecoq@gmail.com T\u00e9l\u00e9phone : 06 67 89 55 12 Pour toutes demandes, n&rsquo;h\u00e9sitez pas \u00e0 me contacter.Je serais ravie de pouvoir vous r\u00e9pondre.<\/p>\n","protected":false},"author":1,"featured_media":0,"parent":0,"menu_order":0,"comment_status":"closed","ping_status":"closed","template":"","meta":{"_monsterinsights_skip_tracking":false,"_monsterinsights_sitenote_active":false,"_monsterinsights_sitenote_note":"","_monsterinsights_sitenote_category":0,"site-sidebar-layout":"no-sidebar","site-content-layout":"","ast-site-content-layout":"full-width-container","site-content-style":"default","site-sidebar-style":"default","ast-global-header-display":"","ast-banner-title-visibility":"","ast-main-header-display":"","ast-hfb-above-header-display":"","ast-hfb-below-header-display":"","ast-hfb-mobile-header-display":"","site-post-title":"disabled","ast-breadcrumbs-content":"","ast-featured-img":"disabled","footer-sml-layout":"","ast-disable-related-posts":"","theme-transparent-header-meta":"","adv-header-id-meta":"","stick-header-meta":"","header-above-stick-meta":"","header-main-stick-meta":"","header-below-stick-meta":"","astra-migrate-meta-layouts":"default","ast-page-background-enabled":"default","ast-page-background-meta":{"desktop":{"background-color":"var(--ast-global-color-4)","background-image":"","background-repeat":"repeat","background-position":"center center","background-size":"auto","background-attachment":"scroll","background-type":"","background-media":"","overlay-type":"","overlay-color":"","overlay-opacity":"","overlay-gradient":""},"tablet":{"background-color":"","background-image":"","background-repeat":"repeat","background-position":"center center","background-size":"auto","background-attachment":"scroll","background-type":"","background-media":"","overlay-type":"","overlay-color":"","overlay-opacity":"","overlay-gradient":""},"mobile":{"background-color":"","background-image":"","background-repeat":"repeat","background-position":"center center","background-size":"auto","background-attachment":"scroll","background-type":"","background-media":"","overlay-type":"","overlay-color":"","overlay-opacity":"","overlay-gradient":""}},"ast-content-background-meta":{"desktop":{"background-color":"var(--ast-global-color-5)","background-image":"","background-repeat":"repeat","background-position":"center center","background-size":"auto","background-attachment":"scroll","background-type":"","background-media":"","overlay-type":"","overlay-color":"","overlay-opacity":"","overlay-gradient":""},"tablet":{"background-color":"var(--ast-global-color-5)","background-image":"","background-repeat":"repeat","background-position":"center center","background-size":"auto","background-attachment":"scroll","background-type":"","background-media":"","overlay-type":"","overlay-color":"","overlay-opacity":"","overlay-gradient":""},"mobile":{"background-color":"var(--ast-global-color-5)","background-image":"","background-repeat":"repeat","background-position":"center center","background-size":"auto","background-attachment":"scroll","background-type":"","background-media":"","overlay-type":"","overlay-color":"","overlay-opacity":"","overlay-gradient":""}},"footnotes":""},"class_list":["post-376","page","type-page","status-publish","hentry"],"yoast_head":"<!-- This site is optimized with the Yoast SEO plugin v27.4 - https:\/\/yoast.com\/product\/yoast-seo-wordpress\/ -->\n<title>Contact - MiL Maroquinerie<\/title>\n<meta name=\"robots\" content=\"index, follow, max-snippet:-1, max-image-preview:large, max-video-preview:-1\" \/>\n<link rel=\"canonical\" href=\"https:\/\/www.mil-madeinlecoq.com\/index.php\/contact\/\" \/>\n<meta property=\"og:locale\" content=\"fr_FR\" \/>\n<meta property=\"og:type\" content=\"article\" \/>\n<meta property=\"og:title\" content=\"Contact - MiL Maroquinerie\" \/>\n<meta property=\"og:description\" content=\"MiL &#8211; Maroquinerie Vanessa Lecoq \u00a0 Mail : madeinlecoq@gmail.com T\u00e9l\u00e9phone : 06 67 89 55 12 Pour toutes demandes, n&rsquo;h\u00e9sitez pas \u00e0 me contacter.Je serais ravie de pouvoir vous r\u00e9pondre.\" \/>\n<meta property=\"og:url\" content=\"https:\/\/www.mil-madeinlecoq.com\/index.php\/contact\/\" \/>\n<meta property=\"og:site_name\" content=\"MiL Maroquinerie\" \/>\n<meta property=\"article:modified_time\" content=\"2026-03-10T08:03:05+00:00\" \/>\n<meta name=\"twitter:card\" content=\"summary_large_image\" \/>\n<meta name=\"twitter:label1\" content=\"Dur\u00e9e de lecture estim\u00e9e\" \/>\n\t<meta name=\"twitter:data1\" content=\"1 minute\" \/>\n<script type=\"application\/ld+json\" class=\"yoast-schema-graph\">{\"@context\":\"https:\\\/\\\/schema.org\",\"@graph\":[{\"@type\":\"WebPage\",\"@id\":\"https:\\\/\\\/www.mil-madeinlecoq.com\\\/index.php\\\/contact\\\/\",\"url\":\"https:\\\/\\\/www.mil-madeinlecoq.com\\\/index.php\\\/contact\\\/\",\"name\":\"Contact - MiL Maroquinerie\",\"isPartOf\":{\"@id\":\"https:\\\/\\\/www.mil-madeinlecoq.com\\\/#website\"},\"datePublished\":\"2024-11-13T17:40:11+00:00\",\"dateModified\":\"2026-03-10T08:03:05+00:00\",\"breadcrumb\":{\"@id\":\"https:\\\/\\\/www.mil-madeinlecoq.com\\\/index.php\\\/contact\\\/#breadcrumb\"},\"inLanguage\":\"fr-FR\",\"potentialAction\":[{\"@type\":\"ReadAction\",\"target\":[\"https:\\\/\\\/www.mil-madeinlecoq.com\\\/index.php\\\/contact\\\/\"]}]},{\"@type\":\"BreadcrumbList\",\"@id\":\"https:\\\/\\\/www.mil-madeinlecoq.com\\\/index.php\\\/contact\\\/#breadcrumb\",\"itemListElement\":[{\"@type\":\"ListItem\",\"position\":1,\"name\":\"Accueil\",\"item\":\"https:\\\/\\\/www.mil-madeinlecoq.com\\\/\"},{\"@type\":\"ListItem\",\"position\":2,\"name\":\"Contact\"}]},{\"@type\":\"WebSite\",\"@id\":\"https:\\\/\\\/www.mil-madeinlecoq.com\\\/#website\",\"url\":\"https:\\\/\\\/www.mil-madeinlecoq.com\\\/\",\"name\":\"MiL Maroquinerie\",\"description\":\"Maroquinerie artisanale \u00e9co-responsable Ancenis\",\"publisher\":{\"@id\":\"https:\\\/\\\/www.mil-madeinlecoq.com\\\/#organization\"},\"potentialAction\":[{\"@type\":\"SearchAction\",\"target\":{\"@type\":\"EntryPoint\",\"urlTemplate\":\"https:\\\/\\\/www.mil-madeinlecoq.com\\\/?s={search_term_string}\"},\"query-input\":{\"@type\":\"PropertyValueSpecification\",\"valueRequired\":true,\"valueName\":\"search_term_string\"}}],\"inLanguage\":\"fr-FR\"},{\"@type\":\"Organization\",\"@id\":\"https:\\\/\\\/www.mil-madeinlecoq.com\\\/#organization\",\"name\":\"MiL Maroquinerie\",\"url\":\"https:\\\/\\\/www.mil-madeinlecoq.com\\\/\",\"logo\":{\"@type\":\"ImageObject\",\"inLanguage\":\"fr-FR\",\"@id\":\"https:\\\/\\\/www.mil-madeinlecoq.com\\\/#\\\/schema\\\/logo\\\/image\\\/\",\"url\":\"https:\\\/\\\/www.mil-madeinlecoq.com\\\/wp-content\\\/uploads\\\/2024\\\/10\\\/logo.png\",\"contentUrl\":\"https:\\\/\\\/www.mil-madeinlecoq.com\\\/wp-content\\\/uploads\\\/2024\\\/10\\\/logo.png\",\"width\":156,\"height\":40,\"caption\":\"MiL Maroquinerie\"},\"image\":{\"@id\":\"https:\\\/\\\/www.mil-madeinlecoq.com\\\/#\\\/schema\\\/logo\\\/image\\\/\"}}]}<\/script>\n<!-- \/ Yoast SEO plugin. -->","yoast_head_json":{"title":"Contact - MiL Maroquinerie","robots":{"index":"index","follow":"follow","max-snippet":"max-snippet:-1","max-image-preview":"max-image-preview:large","max-video-preview":"max-video-preview:-1"},"canonical":"https:\/\/www.mil-madeinlecoq.com\/index.php\/contact\/","og_locale":"fr_FR","og_type":"article","og_title":"Contact - MiL Maroquinerie","og_description":"MiL &#8211; Maroquinerie Vanessa Lecoq \u00a0 Mail : madeinlecoq@gmail.com T\u00e9l\u00e9phone : 06 67 89 55 12 Pour toutes demandes, n&rsquo;h\u00e9sitez pas \u00e0 me contacter.Je serais ravie de pouvoir vous r\u00e9pondre.","og_url":"https:\/\/www.mil-madeinlecoq.com\/index.php\/contact\/","og_site_name":"MiL Maroquinerie","article_modified_time":"2026-03-10T08:03:05+00:00","twitter_card":"summary_large_image","twitter_misc":{"Dur\u00e9e de lecture estim\u00e9e":"1 minute"},"schema":{"@context":"https:\/\/schema.org","@graph":[{"@type":"WebPage","@id":"https:\/\/www.mil-madeinlecoq.com\/index.php\/contact\/","url":"https:\/\/www.mil-madeinlecoq.com\/index.php\/contact\/","name":"Contact - MiL Maroquinerie","isPartOf":{"@id":"https:\/\/www.mil-madeinlecoq.com\/#website"},"datePublished":"2024-11-13T17:40:11+00:00","dateModified":"2026-03-10T08:03:05+00:00","breadcrumb":{"@id":"https:\/\/www.mil-madeinlecoq.com\/index.php\/contact\/#breadcrumb"},"inLanguage":"fr-FR","potentialAction":[{"@type":"ReadAction","target":["https:\/\/www.mil-madeinlecoq.com\/index.php\/contact\/"]}]},{"@type":"BreadcrumbList","@id":"https:\/\/www.mil-madeinlecoq.com\/index.php\/contact\/#breadcrumb","itemListElement":[{"@type":"ListItem","position":1,"name":"Accueil","item":"https:\/\/www.mil-madeinlecoq.com\/"},{"@type":"ListItem","position":2,"name":"Contact"}]},{"@type":"WebSite","@id":"https:\/\/www.mil-madeinlecoq.com\/#website","url":"https:\/\/www.mil-madeinlecoq.com\/","name":"MiL Maroquinerie","description":"Maroquinerie artisanale \u00e9co-responsable Ancenis","publisher":{"@id":"https:\/\/www.mil-madeinlecoq.com\/#organization"},"potentialAction":[{"@type":"SearchAction","target":{"@type":"EntryPoint","urlTemplate":"https:\/\/www.mil-madeinlecoq.com\/?s={search_term_string}"},"query-input":{"@type":"PropertyValueSpecification","valueRequired":true,"valueName":"search_term_string"}}],"inLanguage":"fr-FR"},{"@type":"Organization","@id":"https:\/\/www.mil-madeinlecoq.com\/#organization","name":"MiL Maroquinerie","url":"https:\/\/www.mil-madeinlecoq.com\/","logo":{"@type":"ImageObject","inLanguage":"fr-FR","@id":"https:\/\/www.mil-madeinlecoq.com\/#\/schema\/logo\/image\/","url":"https:\/\/www.mil-madeinlecoq.com\/wp-content\/uploads\/2024\/10\/logo.png","contentUrl":"https:\/\/www.mil-madeinlecoq.com\/wp-content\/uploads\/2024\/10\/logo.png","width":156,"height":40,"caption":"MiL Maroquinerie"},"image":{"@id":"https:\/\/www.mil-madeinlecoq.com\/#\/schema\/logo\/image\/"}}]}},"_links":{"self":[{"href":"https:\/\/www.mil-madeinlecoq.com\/index.php\/wp-json\/wp\/v2\/pages\/376","targetHints":{"allow":["GET"]}}],"collection":[{"href":"https:\/\/www.mil-madeinlecoq.com\/index.php\/wp-json\/wp\/v2\/pages"}],"about":[{"href":"https:\/\/www.mil-madeinlecoq.com\/index.php\/wp-json\/wp\/v2\/types\/page"}],"author":[{"embeddable":true,"href":"https:\/\/www.mil-madeinlecoq.com\/index.php\/wp-json\/wp\/v2\/users\/1"}],"replies":[{"embeddable":true,"href":"https:\/\/www.mil-madeinlecoq.com\/index.php\/wp-json\/wp\/v2\/comments?post=376"}],"version-history":[{"count":63,"href":"https:\/\/www.mil-madeinlecoq.com\/index.php\/wp-json\/wp\/v2\/pages\/376\/revisions"}],"predecessor-version":[{"id":1179,"href":"https:\/\/www.mil-madeinlecoq.com\/index.php\/wp-json\/wp\/v2\/pages\/376\/revisions\/1179"}],"wp:attachment":[{"href":"https:\/\/www.mil-madeinlecoq.com\/index.php\/wp-json\/wp\/v2\/media?parent=376"}],"curies":[{"name":"wp","href":"https:\/\/api.w.org\/{rel}","templated":true}]}}